{"id":245,"date":"2024-03-14T14:12:22","date_gmt":"2024-03-14T19:12:22","guid":{"rendered":"https:\/\/aventuresgourmets.com\/?page_id=245"},"modified":"2024-03-14T14:14:29","modified_gmt":"2024-03-14T19:14:29","slug":"a-propos","status":"publish","type":"page","link":"https:\/\/aventuresgourmets.com\/fr\/a-propos\/","title":{"rendered":"\u00c0 PROPOS"},"content":{"rendered":"<section class=\"wpb-content-wrapper\"><p>[vc_row css_animation=\u00a0\u00bb\u00a0\u00bb row_type=\u00a0\u00bbrow\u00a0\u00bb use_row_as_full_screen_section=\u00a0\u00bbno\u00a0\u00bb type=\u00a0\u00bbfull_width\u00a0\u00bb angled_section=\u00a0\u00bbno\u00a0\u00bb text_align=\u00a0\u00bbleft\u00a0\u00bb background_image_as_pattern=\u00a0\u00bbwithout_pattern\u00a0\u00bb][vc_column][vc_empty_space height=\u00a0\u00bb40px\u00a0\u00bb css=\u00a0\u00bb.vc_custom_1687292229595{background-color: #075d77 !important;}\u00a0\u00bb][vc_single_image image=\u00a0\u00bb161&Prime; img_size=\u00a0\u00bbfull\u00a0\u00bb alignment=\u00a0\u00bbcenter\u00a0\u00bb qode_css_animation=\u00a0\u00bb\u00a0\u00bb][vc_empty_space height=\u00a0\u00bb40px\u00a0\u00bb css=\u00a0\u00bb.vc_custom_1687292229595{background-color: #075d77 !important;}\u00a0\u00bb][vc_column_text css=\u00a0\u00bb.vc_custom_1710431633329{margin-top: 0px !important;margin-bottom: 0px !important;}\u00a0\u00bb]<\/p>\n<p style=\"text-align: center;\"><script type=\"text\/javascript\">jQuery(function() { _initLayerSlider( '#layerslider_11_wvi6oydna3iv', {createdWith: '7.6.9', sliderVersion: '7.9.10', skin: 'v6', globalBGAttachment: 'fixed', navPrevNext: false, hoverPrevNext: false, navStartStop: false, navButtons: false, showCircleTimer: false, useSrcset: true, skinsPath: 'https:\/\/aventuresgourmets.com\/wp-content\/plugins\/LayerSlider\/assets\/static\/layerslider\/skins\/', performanceMode: true}); });<\/script><div id=\"layerslider_11_wvi6oydna3iv\" class=\"ls-wp-container fitvidsignore\" style=\"width:2000px;height:1560px;margin:0 auto;\"><div class=\"ls-slide\" data-ls=\"bgcolor:#fff;\"><ls-layer style='font-family: \"Bangla Sangam regular\";text-align:justify;overflow:visible;top:174px;left:200px;box-shadow:0px 0px 0px 0px;color:#585757;width:80%;white-space:normal;' class=\"ls-l ls-text-layer\" data-ls=\"fadein:false;\">Une \u00e9tincelle d'amour, une d\u00e9votion \u00e9picurienne pour la bonne cuisine et une passion pour les voyages, voil\u00e0 ce qui a pouss\u00e9 ces deux \u00e2mes s\u0153urs \u00e0 cr\u00e9er Aventures Gourmets.<br><br>\nElle terminait ses \u00e9tudes aux Pays-Bas lorsqu'un beau soldat a attir\u00e9 son attention. Il effectuait son service militaire en Allemagne. Qu'il s'agisse du destin, d'une intervention divine ou d'une pure chance, ils savaient que leur vie serait \u00e0 jamais chang\u00e9e au cours de cette promenade de quatre jours \u00e0 Nim\u00e8gue, aux Pays-Bas, en 1984.<br><br>\nD'abord l'amour, puis le mariage, puis les b\u00e9b\u00e9s, et quelques ann\u00e9es plus tard, ils sont partis parcourir le monde avec leurs enfants devenus adultes. Cinq mois d'aventures, de gourmandises et de d\u00e9couvertes dans d'innombrables pays qui resteront \u00e0 jamais grav\u00e9s dans leur m\u00e9moire.<\/ls-layer><ls-layer style='FONT-FAMILY: \"Bagnard regular\";font-size:81px;overflow:visible;top:39px;left:808px;color:#c2202c;' class=\"ls-l ls-text-layer\" data-ls=\"fadein:false;\">\u00c0 PROPOS<\/ls-layer><img loading=\"lazy\" decoding=\"async\" width=\"2000\" height=\"787\" src=\"https:\/\/aventuresgourmets.com\/wp-content\/uploads\/2023\/08\/about-2.jpeg\" class=\"ls-l ls-img-layer\" alt=\"\" srcset=\"https:\/\/aventuresgourmets.com\/wp-content\/uploads\/2023\/08\/about-2.jpeg 2000w, https:\/\/aventuresgourmets.com\/wp-content\/uploads\/2023\/08\/about-2-300x118.jpeg 300w, https:\/\/aventuresgourmets.com\/wp-content\/uploads\/2023\/08\/about-2-1024x403.jpeg 1024w, https:\/\/aventuresgourmets.com\/wp-content\/uploads\/2023\/08\/about-2-768x302.jpeg 768w, https:\/\/aventuresgourmets.com\/wp-content\/uploads\/2023\/08\/about-2-1536x604.jpeg 1536w, https:\/\/aventuresgourmets.com\/wp-content\/uploads\/2023\/08\/about-2-700x275.jpeg 700w\" sizes=\"auto, (max-width: 2000px) 100vw, 2000px\" style=\"overflow:visible;top:735px;left:0px;\" data-ls=\"fadein:false;\"><ls-layer style=\"overflow:visible;width:2002px;top:1512px;left:-1px;height:50px;color:#085d77;\" class=\"ls-l ls-shape-layer\" data-ls=\"fadein:false;\"><svg xmlns=\"http:\/\/www.w3.org\/2000\/svg\" viewbox=\"-0 -0 30 300\" preserveaspectratio=\"none\"><path fill=\"currentColor\" d=\"M 0 5 A 5 5 0 0 1 5 0 L 25 0 A 5 5 0 0 1 30 5 L 30 295 A 5 5 0 0 1 25 300 L 5 300 A 5 5 0 0 1 0 295 Z\"><\/path><\/svg><\/ls-layer><ls-layer style=\"overflow:visible;width:70px;top:0px;left:0px;height:1513px;color:#dcad27;\" class=\"ls-l ls-shape-layer\" data-ls=\"fadein:false;\"><svg xmlns=\"http:\/\/www.w3.org\/2000\/svg\" viewbox=\"-0 -0 30 300\" preserveaspectratio=\"none\"><path fill=\"currentColor\" d=\"M 0 0 A 0 0 0 0 1 0 0 L 30 0 A 0 0 0 0 1 30 0 L 30 300 A 0 0 0 0 1 30 300 L 0 300 A 0 0 0 0 1 0 300 Z\"><\/path><\/svg><\/ls-layer><\/div><\/div>\n<p>[\/vc_column_text][vc_column_text css=\u00a0\u00bb.vc_custom_1710431534617{margin-top: 0px !important;margin-bottom: 0px !important;background-color: #c0202c !important;}\u00a0\u00bb]<\/p>\n<p style=\"text-align: center;\"><script type=\"text\/javascript\">jQuery(function() { _initLayerSlider( '#layerslider_13_b736k5ck2vhq', {createdWith: '7.6.9', sliderVersion: '7.9.10', skin: 'v6', globalBGAttachment: 'fixed', navPrevNext: false, hoverPrevNext: false, navStartStop: false, navButtons: false, showCircleTimer: false, useSrcset: true, skinsPath: 'https:\/\/aventuresgourmets.com\/wp-content\/plugins\/LayerSlider\/assets\/static\/layerslider\/skins\/', performanceMode: true}); });<\/script><div id=\"layerslider_13_b736k5ck2vhq\" class=\"ls-wp-container fitvidsignore\" style=\"width:2000px;height:1500px;margin:0 auto;\"><div class=\"ls-slide\" data-ls=\"bgcolor:#fff;\"><ls-layer style='font-family: \"Bangla Sangam regular\";text-align:center;overflow:visible;top:185px;left:104px;width:38%;box-shadow:0px 0px 0px 0px;color:#585757;white-space:normal;' class=\"ls-l ls-text-layer\" data-ls=\"fadein:false;\">En 2018, Mario a eu l'inspiration de poursuivre sa passion pour le pain et est retourn\u00e9 \u00e0 l'\u00e9cole pour apprendre le m\u00e9tier de boulanger. Aujourd'hui, il pr\u00e9pare les meilleurs croissants au chocolat et les meilleures pizzas de ce c\u00f4t\u00e9-ci de la fronti\u00e8re !<\/ls-layer><ls-layer style='font-family: \"Bangla Sangam regular\";text-align:center;overflow:visible;top:1113px;left:1086px;width:38%;box-shadow:0px 0px 0px 0px;color:#585757;white-space:normal;' class=\"ls-l ls-text-layer\" data-ls=\"fadein:false;\">Son courage de retourner \u00e0 l'\u00e9cole a incit\u00e9 Sunita \u00e0 retourner elle aussi sur les bancs de l'\u00e9cole. Elle a termin\u00e9 son cours de sommellerie et peut parler des fines notes de vanille, de caf\u00e9 ou de baies avec les meilleurs d'entre eux.<\/ls-layer><img loading=\"lazy\" decoding=\"async\" width=\"1536\" height=\"1536\" src=\"https:\/\/aventuresgourmets.com\/wp-content\/uploads\/2023\/07\/MARIO-BAKER.jpeg\" class=\"ls-l ls-img-layer\" alt=\"\" srcset=\"https:\/\/aventuresgourmets.com\/wp-content\/uploads\/2023\/07\/MARIO-BAKER.jpeg 1536w, https:\/\/aventuresgourmets.com\/wp-content\/uploads\/2023\/07\/MARIO-BAKER-300x300.jpeg 300w, https:\/\/aventuresgourmets.com\/wp-content\/uploads\/2023\/07\/MARIO-BAKER-1024x1024.jpeg 1024w, https:\/\/aventuresgourmets.com\/wp-content\/uploads\/2023\/07\/MARIO-BAKER-150x150.jpeg 150w, https:\/\/aventuresgourmets.com\/wp-content\/uploads\/2023\/07\/MARIO-BAKER-768x768.jpeg 768w, https:\/\/aventuresgourmets.com\/wp-content\/uploads\/2023\/07\/MARIO-BAKER-570x570.jpeg 570w, https:\/\/aventuresgourmets.com\/wp-content\/uploads\/2023\/07\/MARIO-BAKER-500x500.jpeg 500w, https:\/\/aventuresgourmets.com\/wp-content\/uploads\/2023\/07\/MARIO-BAKER-1000x1000.jpeg 1000w, https:\/\/aventuresgourmets.com\/wp-content\/uploads\/2023\/07\/MARIO-BAKER-700x700.jpeg 700w\" sizes=\"auto, (max-width: 1536px) 100vw, 1536px\" style=\"overflow:visible;left:999px;top:0px;width:1001px;height:1001px;line-height:falsepx;\" data-ls=\"fadein:false;\"><img loading=\"lazy\" decoding=\"async\" width=\"583\" height=\"513\" src=\"https:\/\/aventuresgourmets.com\/wp-content\/uploads\/2023\/07\/Sunita-1.jpg\" class=\"ls-l ls-img-layer\" alt=\"\" srcset=\"https:\/\/aventuresgourmets.com\/wp-content\/uploads\/2023\/07\/Sunita-1.jpg 583w, https:\/\/aventuresgourmets.com\/wp-content\/uploads\/2023\/07\/Sunita-1-300x264.jpg 300w\" sizes=\"auto, (max-width: 583px) 100vw, 583px\" style=\"overflow:visible;left:0px;top:565px;width:1000px;height:887px;line-height:falsepx;\" data-ls=\"fadein:false;\"><ls-layer style=\"color:#075d77;overflow:visible;width:1900px;top:1451px;left:0px;height:50px;\" class=\"ls-l ls-shape-layer\" data-ls=\"fadein:false;\"><svg xmlns=\"http:\/\/www.w3.org\/2000\/svg\" viewbox=\"-0 -0 200 150\" preserveaspectratio=\"none\"><path fill=\"currentColor\" d=\"M 0 1 A 1 1 0 0 1 1 0 L 199 0 A 1 1 0 0 1 200 1 L 200 149 A 1 1 0 0 1 199 150 L 1 150 A 1 1 0 0 1 0 149 Z\"><\/path><\/svg><\/ls-layer><ls-layer style=\"color:#c2202c;overflow:visible;width:100px;top:1px;left:1900px;height:1500px;\" class=\"ls-l ls-shape-layer\" data-ls=\"fadein:false;\"><svg xmlns=\"http:\/\/www.w3.org\/2000\/svg\" viewbox=\"-0 -0 200 150\" preserveaspectratio=\"none\"><path fill=\"currentColor\" d=\"M 0 1 A 1 1 0 0 1 1 0 L 199 0 A 1 1 0 0 1 200 1 L 200 149 A 1 1 0 0 1 199 150 L 1 150 A 1 1 0 0 1 0 149 Z\"><\/path><\/svg><\/ls-layer><\/div><\/div>\n<p>[\/vc_column_text][vc_column_text css=\u00a0\u00bb.vc_custom_1710431550716{margin-top: 0px !important;margin-bottom: 0px !important;}\u00a0\u00bb]<\/p>\n<p style=\"text-align: center;\"><script type=\"text\/javascript\">jQuery(function() { _initLayerSlider( '#layerslider_14_1gcufwolo5dst', {createdWith: '7.6.9', sliderVersion: '7.9.10', skin: 'v6', globalBGAttachment: 'fixed', useSrcset: true, skinsPath: 'https:\/\/aventuresgourmets.com\/wp-content\/plugins\/LayerSlider\/assets\/static\/layerslider\/skins\/', performanceMode: true}); });<\/script><div id=\"layerslider_14_1gcufwolo5dst\" class=\"ls-wp-container fitvidsignore\" style=\"width:2000px;height:700px;margin:0 auto;\"><div class=\"ls-slide\" data-ls=\"bgcolor:#fff;\"><ls-layer style='font-family: \"Bangla Sangam regular\";text-align:justify;overflow:visible;top:122px;left:130px;width:1741px;box-shadow:0px 0px 0px 0px;color:#585757;white-space:normal;' class=\"ls-l ls-text-layer\" data-ls=\"fadein:false;\">Globe-trotters par essence, ils ne sont jamais rest\u00e9s tr\u00e8s longtemps sans voyager. C'est en 2019 qu'Aventures Gourmets a vu le jour et, depuis, ils cocr\u00e9ent des exp\u00e9riences et des aventures riches et uniques pour leurs clients !<br><br>\nAventures Gourmets n'est pas une entreprise de voyage typique. En fait, leur activit\u00e9 fluctue au gr\u00e9 des saisons !<br><br>\nEn \u00e9t\u00e9, vous les trouverez en train de proposer des exp\u00e9riences locales qui varieront de d\u00e9gustations de vins dans des vignobles remarquables et particuli\u00e8rement d\u00e9licieux, ou ils seront les traiteurs d'un \u00e9v\u00e9nement d'entreprise en cr\u00e9ant des combinaisons si uniques que tous se demanderont comment ils ont pens\u00e9 \u00e0 des cr\u00e9ations si diff\u00e9rentes, mais \u00f4 combien d\u00e9licieuses.<\/ls-layer><\/div><\/div>\n<p>[\/vc_column_text][vc_single_image image=\u00a0\u00bb142&Prime; img_size=\u00a0\u00bbfull\u00a0\u00bb alignment=\u00a0\u00bbcenter\u00a0\u00bb qode_css_animation=\u00a0\u00bb\u00a0\u00bb][vc_empty_space height=\u00a0\u00bb40px\u00a0\u00bb css=\u00a0\u00bb.vc_custom_1689794114449{background-color: #dcad27 !important;}\u00a0\u00bb][vc_column_text]<\/p>\n<p style=\"text-align: center;\"><script type=\"text\/javascript\">jQuery(function() { _initLayerSlider( '#layerslider_12_1b4o2t9zji22d', {createdWith: '7.6.9', sliderVersion: '7.9.10', skin: 'v6', globalBGAttachment: 'fixed', useSrcset: true, skinsPath: 'https:\/\/aventuresgourmets.com\/wp-content\/plugins\/LayerSlider\/assets\/static\/layerslider\/skins\/', performanceMode: true}); });<\/script><div id=\"layerslider_12_1b4o2t9zji22d\" class=\"ls-wp-container fitvidsignore\" style=\"width:2000px;height:950px;margin:0 auto;\"><div class=\"ls-slide\" data-ls=\"bgcolor:#fff;\"><ls-layer style='font-family: \"Bangla Sangam regular\";text-align:justify;overflow:visible;top:98px;left:135px;width:1730px;box-shadow:0px 0px 0px 0px;color:#585757;white-space:normal;' class=\"ls-l ls-text-layer\" data-ls=\"fadein:false;\">En automne, en hiver et \u00e0 la fin du printemps, ils s'amusent en organisant des groupes intimes et en voyageant \u00e0 l'\u00e9tranger pour d\u00e9couvrir des pays, explorant hors des sentiers battus. Apr\u00e8s tout, \u00e0 quand remonte la derni\u00e8re fois o\u00f9 vous avez chass\u00e9 des truffes avec des chiens ? Ou que vous avez dormi dans une villa priv\u00e9e dans la ville de Panicale en Ombrie, en Italie ? Ou que vous avez eu la chance de suivre un cours de cuisine locale avec des personnalit\u00e9s inoubliables qui vous feront croire que vous \u00eates au paradis de l'\u00e9picurisme !<br><br>\nLe plus beau dans les Aventures Gourmets ? Ils sont ouverts \u00e0 personnaliser votre exp\u00e9rience et \u00e0 adapter leur offre \u00e0 vos besoins sp\u00e9cifiques. Vous voulez accueillir votre \u00e9quipe dans un endroit \u00e9loign\u00e9 et les faire venir sur place pour pr\u00e9parer la nourriture, la servir, la marier avec le meilleur vin possible, et aussi offrir des massages sur chaise pour remercier votre \u00e9quipe ? Ils l'ont fait. <br><br>\nVous voulez explorer une partie des Pays-Bas, mais vivre l'exp\u00e9rience locale en vous immergeant dans la culture locale, ils se chargeront de l'organiser pour vous !<\/ls-layer><ls-layer style='font-family: \"Bangla Sangam regular\";text-align:center;font-weight:900;overflow:visible;top:757px;left:141px;width:1719px;box-shadow:0px 0px 0px 0px;font-size:58px;color:#c0202c;white-space:normal;' class=\"ls-l ls-text-layer\" data-ls=\"fadein:false;\">Alors n'h\u00e9sitez pas, mettez-les au d\u00e9fi et voyez les \u00e9tincelles de cr\u00e9ativit\u00e9 jaillir !<\/ls-layer><\/div><\/div>\n<p>[\/vc_column_text][vc_empty_space height=\u00a0\u00bb40px\u00a0\u00bb css=\u00a0\u00bb.vc_custom_1689795220946{background-color: #c0202c !important;}\u00a0\u00bb][\/vc_column][\/vc_row]<\/p>\n<\/section>","protected":false},"excerpt":{"rendered":"<p>[vc_row css_animation=\u00a0\u00bb\u00a0\u00bb row_type=\u00a0\u00bbrow\u00a0\u00bb use_row_as_full_screen_section=\u00a0\u00bbno\u00a0\u00bb type=\u00a0\u00bbfull_width\u00a0\u00bb angled_section=\u00a0\u00bbno\u00a0\u00bb text_align=\u00a0\u00bbleft\u00a0\u00bb background_image_as_pattern=\u00a0\u00bbwithout_pattern\u00a0\u00bb][vc_column][vc_empty_space height=\u00a0\u00bb40px\u00a0\u00bb css=\u00a0\u00bb.vc_custom_1687292229595{background-color: #075d77 !important;}\u00a0\u00bb][vc_single_image image=\u00a0\u00bb161&Prime; img_size=\u00a0\u00bbfull\u00a0\u00bb alignment=\u00a0\u00bbcenter\u00a0\u00bb qode_css_animation=\u00a0\u00bb\u00a0\u00bb][vc_empty_space height=\u00a0\u00bb40px\u00a0\u00bb css=\u00a0\u00bb.vc_custom_1687292229595{background-color: #075d77 !important;}\u00a0\u00bb][vc_column_text css=\u00a0\u00bb.vc_custom_1710431633329{margin-top: 0px !important;margin-bottom: 0px !important;}\u00a0\u00bb] [\/vc_column_text][vc_column_text css=\u00a0\u00bb.vc_custom_1710431534617{margin-top: 0px !important;margin-bottom: 0px !important;background-color: #c0202c !important;}\u00a0\u00bb] [\/vc_column_text][vc_column_text css=\u00a0\u00bb.vc_custom_1710431550716{margin-top: 0px !important;margin-bottom: 0px !important;}\u00a0\u00bb] [\/vc_column_text][vc_single_image image=\u00a0\u00bb142&Prime; img_size=\u00a0\u00bbfull\u00a0\u00bb alignment=\u00a0\u00bbcenter\u00a0\u00bb qode_css_animation=\u00a0\u00bb\u00a0\u00bb][vc_empty_space height=\u00a0\u00bb40px\u00a0\u00bb&#8230;<\/p>\n","protected":false},"author":2,"featured_media":0,"parent":0,"menu_order":0,"comment_status":"closed","ping_status":"closed","template":"full_width.php","meta":{"footnotes":""},"class_list":["post-245","page","type-page","status-publish","hentry"],"_links":{"self":[{"href":"https:\/\/aventuresgourmets.com\/fr\/wp-json\/wp\/v2\/pages\/245","targetHints":{"allow":["GET"]}}],"collection":[{"href":"https:\/\/aventuresgourmets.com\/fr\/wp-json\/wp\/v2\/pages"}],"about":[{"href":"https:\/\/aventuresgourmets.com\/fr\/wp-json\/wp\/v2\/types\/page"}],"author":[{"embeddable":true,"href":"https:\/\/aventuresgourmets.com\/fr\/wp-json\/wp\/v2\/users\/2"}],"replies":[{"embeddable":true,"href":"https:\/\/aventuresgourmets.com\/fr\/wp-json\/wp\/v2\/comments?post=245"}],"version-history":[{"count":4,"href":"https:\/\/aventuresgourmets.com\/fr\/wp-json\/wp\/v2\/pages\/245\/revisions"}],"predecessor-version":[{"id":271,"href":"https:\/\/aventuresgourmets.com\/fr\/wp-json\/wp\/v2\/pages\/245\/revisions\/271"}],"wp:attachment":[{"href":"https:\/\/aventuresgourmets.com\/fr\/wp-json\/wp\/v2\/media?parent=245"}],"curies":[{"name":"wp","href":"https:\/\/api.w.org\/{rel}","templated":true}]}}