{"id":249,"date":"2024-03-14T14:16:12","date_gmt":"2024-03-14T19:16:12","guid":{"rendered":"https:\/\/aventuresgourmets.com\/?page_id=249"},"modified":"2024-03-14T14:16:43","modified_gmt":"2024-03-14T19:16:43","slug":"home","status":"publish","type":"page","link":"https:\/\/aventuresgourmets.com\/fr\/","title":{"rendered":"ACCUEIL"},"content":{"rendered":"<section class=\"wpb-content-wrapper\"><p>[vc_row css_animation=\u00a0\u00bb\u00a0\u00bb row_type=\u00a0\u00bbrow\u00a0\u00bb use_row_as_full_screen_section=\u00a0\u00bbno\u00a0\u00bb type=\u00a0\u00bbfull_width\u00a0\u00bb angled_section=\u00a0\u00bbno\u00a0\u00bb text_align=\u00a0\u00bbleft\u00a0\u00bb background_image_as_pattern=\u00a0\u00bbwithout_pattern\u00a0\u00bb][vc_column][vc_single_image image=\u00a0\u00bb71&Prime; img_size=\u00a0\u00bbfull\u00a0\u00bb alignment=\u00a0\u00bbcenter\u00a0\u00bb qode_css_animation=\u00a0\u00bb\u00a0\u00bb][vc_empty_space height=\u00a0\u00bb40px\u00a0\u00bb css=\u00a0\u00bb.vc_custom_1687292229595{background-color: #075d77 !important;}\u00a0\u00bb][vc_column_text]<\/p>\n<p style=\"text-align: center;\"><script type=\"text\/javascript\">jQuery(function() { _initLayerSlider( '#layerslider_19_1ms7f4laqb983', {createdWith: '7.6.9', sliderVersion: '7.9.10', skin: 'v6', globalBGAttachment: 'fixed', useSrcset: true, skinsPath: 'https:\/\/aventuresgourmets.com\/wp-content\/plugins\/LayerSlider\/assets\/static\/layerslider\/skins\/', performanceMode: true}); });<\/script><div id=\"layerslider_19_1ms7f4laqb983\" class=\"ls-wp-container fitvidsignore\" style=\"width:2000px;height:1050px;margin:0 auto;\"><div class=\"ls-slide\" data-ls=\"bgcolor:#fff;\"><ls-layer style='font-family: \"Bangla Sangam regular\";text-align:justify;overflow:visible;top:267px;left:102px;width:45%;box-shadow:0px 0px 0px 0px;font-size:30px;color:#585757;white-space:normal;' class=\"ls-l ls-text-layer\" data-ls=\"fadein:false;\">Les voyages font partie de notre ADN. Nous parcourons ce beau monde qui est le n\u00f4tre depuis nos adolescences respectives. Cette terre, nous l'aimons et nous aimons sortir des sentiers battus pour d\u00e9couvrir de nouvelles exp\u00e9riences authentiques, de nouvelles saveurs et de nouvelles personnes.<\/ls-layer><ls-layer style='font-family: \"Bangla Sangam regular\";text-align:justify;overflow:visible;top:497px;left:100px;width:45%;box-shadow:0px 0px 0px 0px;font-size:30px;color:#585757;white-space:normal;' class=\"ls-l ls-text-layer\" data-ls=\"fadein:false;\">Avons-nous mentionn\u00e9 \u00e0 quel point nous aimons les gens ? En tant que citoyens du monde, nous sommes passionn\u00e9s par l'id\u00e9e d'offrir une exp\u00e9rience totalement immersive \u00e0 notre client\u00e8le, en lui montrant ces coins et recoins qui peuvent \u00eatre invisibles pour d'autres.<\/ls-layer><img loading=\"lazy\" decoding=\"async\" width=\"1000\" height=\"1254\" src=\"https:\/\/aventuresgourmets.com\/wp-content\/uploads\/2023\/06\/home2.jpeg\" class=\"ls-l ls-img-layer\" alt=\"\" srcset=\"https:\/\/aventuresgourmets.com\/wp-content\/uploads\/2023\/06\/home2.jpeg 1000w, https:\/\/aventuresgourmets.com\/wp-content\/uploads\/2023\/06\/home2-239x300.jpeg 239w, https:\/\/aventuresgourmets.com\/wp-content\/uploads\/2023\/06\/home2-817x1024.jpeg 817w, https:\/\/aventuresgourmets.com\/wp-content\/uploads\/2023\/06\/home2-768x963.jpeg 768w, https:\/\/aventuresgourmets.com\/wp-content\/uploads\/2023\/06\/home2-700x878.jpeg 700w\" sizes=\"auto, (max-width: 1000px) 100vw, 1000px\" style=\"overflow:visible;top:0px;left:1161px;width:839px;height:1051px;\" data-ls=\"fadein:false;\"><a style=\"\" class=\"ls-l\" href=\"https:\/\/aventuresgourmets.com\/services\/\" target=\"_self\" data-ls=\"fadein:false;\"><ls-layer style='font-family: \"bagnard regular\";text-align:center;text-transform:uppercase;padding-top:0.7em;padding-bottom:0.7em;padding-right:1.85em;padding-left:1.85em;border-radius:10em;cursor:pointer;left:288px;top:780px;line-height:45px;box-shadow:inset -3px -5px 0px 0px #98a1a9;font-size:38px;color:#fff;font-weight:100;background-color:#c2202c;text-shadow:0px 1px 0px;' class=\"ls-ib-icon ls-button-layer\">Plus<i class=\"fa fa-arrow-circle-o-right\" style=\"color:#98a1a9;margin-left:0.3em;font-size:1.4em;transform:translateY( -0.05em );\"><\/i><\/ls-layer><\/a><ls-layer style='FONT-FAMILY: \"Bagnard regular\";font-size:81px;overflow:visible;top:77px;left:122px;color:#c2202c;' class=\"ls-l ls-text-layer\" data-ls=\"fadein:false;\">VOYAGES<\/ls-layer><\/div><\/div>\n<p>[\/vc_column_text][vc_empty_space height=\u00a0\u00bb40px\u00a0\u00bb css=\u00a0\u00bb.vc_custom_1687292246493{background-color: #dcad27 !important;}\u00a0\u00bb][vc_column_text]<\/p>\n<p style=\"text-align: center;\"><script type=\"text\/javascript\">jQuery(function() { _initLayerSlider( '#layerslider_18_i7fkqvg76iii', {createdWith: '7.6.9', sliderVersion: '7.9.10', skin: 'v6', globalBGAttachment: 'fixed', useSrcset: true, skinsPath: 'https:\/\/aventuresgourmets.com\/wp-content\/plugins\/LayerSlider\/assets\/static\/layerslider\/skins\/', performanceMode: true}); });<\/script><div id=\"layerslider_18_i7fkqvg76iii\" class=\"ls-wp-container fitvidsignore\" style=\"width:2000px;height:1050px;margin:0 auto;\"><div class=\"ls-slide\" data-ls=\"bgcolor:#fff;\"><ls-layer style='font-family: \"Bangla Sangam regular\";text-align:justify;overflow:visible;top:614px;left:1000px;width:45%;font-size:30px;color:#585757;white-space:normal;' class=\"ls-l ls-text-layer\" data-ls=\"fadein:false;\">Apr\u00e8s tout, \u00e0 quand remonte la derni\u00e8re fois que vous \u00eates all\u00e9 \u00e0 la chasse aux truffes, que vous avez dormi dans un vignoble priv\u00e9, qu'un chef local a pr\u00e9par\u00e9 votre repas et que vous avez re\u00e7u un massage dans votre villa priv\u00e9e pour vous r\u00e9veiller le lendemain matin avec des chocolatines fra\u00eechement cuites ?<\/ls-layer><ls-layer style='font-family: \"Bangla Sangam regular\";text-align:justify;overflow:visible;top:222px;left:1001px;width:45%;box-shadow:0px 0px 0px 0px;font-size:30px;color:#585757;font-weight:300;white-space:normal;' class=\"ls-l ls-text-layer\" data-ls=\"fadein:false;\">Qu'est-ce qu'un monde sans papilles gustatives ? Nous ne pouvons m\u00eame pas l'imaginer ! Nous sommes profond\u00e9ment passionn\u00e9s par l'exploration de nouvelles saveurs dans le monde entier et par le partage de ces combinaisons gustatives uniques avec nos clients. Lorsque nous organisons un voyage, nous prenons le temps de le d\u00e9couvrir avant d'y emmener nos clients. Cela garantit une exp\u00e9rience gustative optimale et nous sommes certains que chacun rentrera chez lui avec les papilles gustatives en \u00e9bullition et le c\u0153ur rempli de joie et d'exp\u00e9riences m\u00e9morables !<\/ls-layer><img loading=\"lazy\" decoding=\"async\" width=\"1082\" height=\"1254\" src=\"https:\/\/aventuresgourmets.com\/wp-content\/uploads\/2023\/07\/AGFood-scaled-e1689787536856.jpg\" class=\"ls-l ls-img-layer\" alt=\"\" srcset=\"https:\/\/aventuresgourmets.com\/wp-content\/uploads\/2023\/07\/AGFood-scaled-e1689787536856.jpg 1082w, https:\/\/aventuresgourmets.com\/wp-content\/uploads\/2023\/07\/AGFood-scaled-e1689787536856-259x300.jpg 259w, https:\/\/aventuresgourmets.com\/wp-content\/uploads\/2023\/07\/AGFood-scaled-e1689787536856-884x1024.jpg 884w, https:\/\/aventuresgourmets.com\/wp-content\/uploads\/2023\/07\/AGFood-scaled-e1689787536856-768x890.jpg 768w, https:\/\/aventuresgourmets.com\/wp-content\/uploads\/2023\/07\/AGFood-scaled-e1689787536856-700x811.jpg 700w\" sizes=\"auto, (max-width: 1082px) 100vw, 1082px\" style=\"overflow:visible;top:-1px;left:0px;width:839px;height:1051px;\" data-ls=\"fadein:false;\"><ls-layer style='FONT-FAMILY: \"BAGNARD REGULAR\";font-size:81px;overflow:visible;top:83px;left:995px;color:#075d77;' class=\"ls-l ls-text-layer\" data-ls=\"fadein:false;\">MANGER<\/ls-layer><\/div><\/div>\n<p>[\/vc_column_text][vc_empty_space height=\u00a0\u00bb40px\u00a0\u00bb css=\u00a0\u00bb.vc_custom_1689789531693{background-color: #c0202c !important;}\u00a0\u00bb][vc_column_text]<\/p>\n<p style=\"text-align: center;\"><script type=\"text\/javascript\">jQuery(function() { _initLayerSlider( '#layerslider_17_1t2rfc38eckh3', {createdWith: '7.6.9', sliderVersion: '7.9.10', skin: 'v6', globalBGAttachment: 'fixed', useSrcset: true, skinsPath: 'https:\/\/aventuresgourmets.com\/wp-content\/plugins\/LayerSlider\/assets\/static\/layerslider\/skins\/', performanceMode: true}); });<\/script><div id=\"layerslider_17_1t2rfc38eckh3\" class=\"ls-wp-container fitvidsignore\" style=\"width:2000px;height:1050px;margin:0 auto;\"><div class=\"ls-slide\" data-ls=\"bgcolor:#fff;\"><ls-layer style='font-family: \"Bangla Sangam regular\";text-align:justify;overflow:visible;top:785px;left:101px;width:45%;box-shadow:0px 0px 0px 0px;font-size:30px;color:#585757;white-space:normal;' class=\"ls-l ls-text-layer\" data-ls=\"fadein:false;\">Quels que soient vos d\u00e9sirs, nous pouvons les r\u00e9aliser, et notre sommeli\u00e8re, Sunita, vous proposera des accords qui laisseront vos invit\u00e9s \u00e9bahis et ils en redemanderont !<\/ls-layer><ls-layer style='font-family: \"Bangla Sangam regular\";text-align:justify;overflow:visible;top:550px;left:100px;width:45%;box-shadow:0px 0px 0px 0px;font-size:30px;color:#585757;white-space:normal;' class=\"ls-l ls-text-layer\" data-ls=\"fadein:false;\">Nous avons ce qu'il vous faut ! Nous pouvons enti\u00e8rement adapter et personnaliser votre menu pour qu'il soit unique ! Une soir\u00e9e de tapas avec la combinaison de vins parfaite ? Des mini-b\u0153ufs Wellington qui fondent dans la bouche avec des l\u00e9gumes de saison et des pommes de terre au gratin? Pas de probl\u00e8me !<\/ls-layer><ls-layer style='font-family: \"Bangla Sangam regular\";text-align:justify;overflow:visible;top:325px;left:101px;width:45%;box-shadow:0px 0px 0px 0px;font-size:30px;color:#585757;white-space:normal;' class=\"ls-l ls-text-layer\" data-ls=\"fadein:false;\">Vous en avez assez de recevoir et de travailler sans rel\u00e2che \u00e0 la pr\u00e9paration, \u00e0 la cuisine, \u00e0 la p\u00e2tisserie et de passer la majeure partie de votre soir\u00e9e \u00e0 cuisiner ? Ou peut-\u00eatre travaillez-vous dans un environnement plus professionnel et vous souhaitez offrir \u00e0 votre \u00e9quipe une exp\u00e9rience party incomparable.<\/ls-layer><img loading=\"lazy\" decoding=\"async\" width=\"2021\" height=\"2560\" src=\"https:\/\/aventuresgourmets.com\/wp-content\/uploads\/2023\/07\/AGHostWMost-scaled.jpg\" class=\"ls-l ls-img-layer\" alt=\"\" srcset=\"https:\/\/aventuresgourmets.com\/wp-content\/uploads\/2023\/07\/AGHostWMost-scaled.jpg 2021w, https:\/\/aventuresgourmets.com\/wp-content\/uploads\/2023\/07\/AGHostWMost-237x300.jpg 237w, https:\/\/aventuresgourmets.com\/wp-content\/uploads\/2023\/07\/AGHostWMost-808x1024.jpg 808w, https:\/\/aventuresgourmets.com\/wp-content\/uploads\/2023\/07\/AGHostWMost-768x973.jpg 768w, https:\/\/aventuresgourmets.com\/wp-content\/uploads\/2023\/07\/AGHostWMost-1212x1536.jpg 1212w, https:\/\/aventuresgourmets.com\/wp-content\/uploads\/2023\/07\/AGHostWMost-1616x2048.jpg 1616w, https:\/\/aventuresgourmets.com\/wp-content\/uploads\/2023\/07\/AGHostWMost-700x887.jpg 700w\" sizes=\"auto, (max-width: 2021px) 100vw, 2021px\" style=\"overflow:visible;top:-1px;left:1161px;width:839px;height:1051px;line-height:falsepx;\" data-ls=\"fadein:false;\"><ls-layer style='FONT-FAMILY: \"Bagnard regular\";font-size:81px;overflow:visible;top:82px;left:87px;color:#dcad27;' class=\"ls-l ls-text-layer\" data-ls=\"fadein:false;\">H\u00d4TES HORS <br>\nDU COMMUN<\/ls-layer><\/div><\/div>\n<p>[\/vc_column_text][vc_empty_space height=\u00a0\u00bb40px\u00a0\u00bb css=\u00a0\u00bb.vc_custom_1687292229595{background-color: #075d77 !important;}\u00a0\u00bb][vc_column_text]<\/p>\n<p style=\"text-align: center;\"><script type=\"text\/javascript\">jQuery(function() { _initLayerSlider( '#layerslider_16_17xqls1t1mibc', {createdWith: '7.6.9', sliderVersion: '7.9.10', skin: 'v6', globalBGAttachment: 'fixed', useSrcset: true, skinsPath: 'https:\/\/aventuresgourmets.com\/wp-content\/plugins\/LayerSlider\/assets\/static\/layerslider\/skins\/', performanceMode: true}); });<\/script><div id=\"layerslider_16_17xqls1t1mibc\" class=\"ls-wp-container fitvidsignore\" style=\"width:2000px;height:1050px;margin:0 auto;\"><div class=\"ls-slide\" data-ls=\"bgcolor:#fff;\"><ls-layer style='font-family: \"Bangla Sangam regular\";text-align:justify;overflow:visible;top:530px;left:998px;width:45%;font-size:30px;color:#585757;white-space:normal;' class=\"ls-l ls-text-layer\" data-ls=\"fadein:false;\">En \u00e9t\u00e9, vous les trouverez en train de proposer des exp\u00e9riences locales qui varieront de d\u00e9gustations de vins dans des vignobles remarquables et particuli\u00e8rement d\u00e9licieux, ou ils seront les traiteurs d'un \u00e9v\u00e9nement d'entreprise en cr\u00e9ant des combinaisons si uniques que tous se demanderont comment ils ont pens\u00e9 \u00e0 des cr\u00e9ations si diff\u00e9rentes, mais \u00f4 combien d\u00e9licieuses.<\/ls-layer><ls-layer style='font-family: \"Bangla Sangam regular\";text-align:justify;overflow:visible;top:222px;left:1001px;width:45%;box-shadow:0px 0px 0px 0px;font-size:30px;color:#585757;font-weight:300;white-space:normal;' class=\"ls-l ls-text-layer\" data-ls=\"fadein:false;\">Globe-trotters par essence, ils ne sont jamais rest\u00e9s tr\u00e8s longtemps sans voyager. C'est en 2019 qu'Aventures Gourmets a vu le jour et, depuis, ils cocr\u00e9ent des exp\u00e9riences et des aventures riches et uniques pour leurs clients !<br><br>\nAventures Gourmets n'est pas une entreprise de voyage typique. En fait, leur activit\u00e9 fluctue au gr\u00e9 des saisons !<\/ls-layer><img loading=\"lazy\" decoding=\"async\" width=\"2147\" height=\"2560\" src=\"https:\/\/aventuresgourmets.com\/wp-content\/uploads\/2023\/07\/AGAboutUs-scaled.jpg\" class=\"ls-l ls-img-layer\" alt=\"\" srcset=\"https:\/\/aventuresgourmets.com\/wp-content\/uploads\/2023\/07\/AGAboutUs-scaled.jpg 2147w, https:\/\/aventuresgourmets.com\/wp-content\/uploads\/2023\/07\/AGAboutUs-252x300.jpg 252w, https:\/\/aventuresgourmets.com\/wp-content\/uploads\/2023\/07\/AGAboutUs-859x1024.jpg 859w, https:\/\/aventuresgourmets.com\/wp-content\/uploads\/2023\/07\/AGAboutUs-768x916.jpg 768w, https:\/\/aventuresgourmets.com\/wp-content\/uploads\/2023\/07\/AGAboutUs-1288x1536.jpg 1288w, https:\/\/aventuresgourmets.com\/wp-content\/uploads\/2023\/07\/AGAboutUs-1718x2048.jpg 1718w, https:\/\/aventuresgourmets.com\/wp-content\/uploads\/2023\/07\/AGAboutUs-700x834.jpg 700w\" sizes=\"auto, (max-width: 2147px) 100vw, 2147px\" style=\"overflow:visible;top:-1px;left:0px;width:839px;height:1051px;\" data-ls=\"fadein:false;\"><a style=\"\" class=\"ls-l\" href=\"https:\/\/aventuresgourmets.com\/about-us\/\" target=\"_self\" data-ls=\"fadein:false;\"><ls-layer style='FONT-FAMILY: \"BAGNARD REGULAR\";text-align:center;text-transform:uppercase;padding-top:0.7em;padding-bottom:0.7em;padding-right:1.85em;padding-left:1.85em;border-radius:10em;cursor:pointer;left:1319px;top:784px;line-height:45px;box-shadow:inset -5px -7px 0px 0px #98a1a9;font-size:38px;color:#fff;font-weight:100;background-color:#c0202c;' class=\"ls-ib-icon ls-button-layer\">PLUS<i class=\"fa fa-arrow-circle-o-right\" style=\"color:#98a1a9;margin-left:0.3em;font-size:1.4em;\"><\/i><\/ls-layer><\/a><ls-layer style='FONT-FAMILY: \"BAGNARD REGULAR\";font-size:81px;overflow:visible;top:81px;left:1001px;color:#c0202c;' class=\"ls-l ls-text-layer\" data-ls=\"fadein:false;\">\u00c0 PROPOS<\/ls-layer><\/div><\/div>\n<p>[\/vc_column_text][vc_empty_space height=\u00a0\u00bb40px\u00a0\u00bb css=\u00a0\u00bb.vc_custom_1687292246493{background-color: #dcad27 !important;}\u00a0\u00bb][\/vc_column][\/vc_row]<\/p>\n<\/section>","protected":false},"excerpt":{"rendered":"<p>[vc_row css_animation=\u00a0\u00bb\u00a0\u00bb row_type=\u00a0\u00bbrow\u00a0\u00bb use_row_as_full_screen_section=\u00a0\u00bbno\u00a0\u00bb type=\u00a0\u00bbfull_width\u00a0\u00bb angled_section=\u00a0\u00bbno\u00a0\u00bb text_align=\u00a0\u00bbleft\u00a0\u00bb background_image_as_pattern=\u00a0\u00bbwithout_pattern\u00a0\u00bb][vc_column][vc_single_image image=\u00a0\u00bb71&Prime; img_size=\u00a0\u00bbfull\u00a0\u00bb alignment=\u00a0\u00bbcenter\u00a0\u00bb qode_css_animation=\u00a0\u00bb\u00a0\u00bb][vc_empty_space height=\u00a0\u00bb40px\u00a0\u00bb css=\u00a0\u00bb.vc_custom_1687292229595{background-color: #075d77 !important;}\u00a0\u00bb][vc_column_text] [\/vc_column_text][vc_empty_space height=\u00a0\u00bb40px\u00a0\u00bb css=\u00a0\u00bb.vc_custom_1687292246493{background-color: #dcad27 !important;}\u00a0\u00bb][vc_column_text] [\/vc_column_text][vc_empty_space height=\u00a0\u00bb40px\u00a0\u00bb css=\u00a0\u00bb.vc_custom_1689789531693{background-color: #c0202c !important;}\u00a0\u00bb][vc_column_text] [\/vc_column_text][vc_empty_space height=\u00a0\u00bb40px\u00a0\u00bb css=\u00a0\u00bb.vc_custom_1687292229595{background-color: #075d77 !important;}\u00a0\u00bb][vc_column_text] [\/vc_column_text][vc_empty_space height=\u00a0\u00bb40px\u00a0\u00bb css=\u00a0\u00bb.vc_custom_1687292246493{background-color: #dcad27 !important;}\u00a0\u00bb][\/vc_column][\/vc_row]<\/p>\n","protected":false},"author":2,"featured_media":0,"parent":0,"menu_order":0,"comment_status":"closed","ping_status":"closed","template":"full_width.php","meta":{"footnotes":""},"class_list":["post-249","page","type-page","status-publish","hentry"],"_links":{"self":[{"href":"https:\/\/aventuresgourmets.com\/fr\/wp-json\/wp\/v2\/pages\/249","targetHints":{"allow":["GET"]}}],"collection":[{"href":"https:\/\/aventuresgourmets.com\/fr\/wp-json\/wp\/v2\/pages"}],"about":[{"href":"https:\/\/aventuresgourmets.com\/fr\/wp-json\/wp\/v2\/types\/page"}],"author":[{"embeddable":true,"href":"https:\/\/aventuresgourmets.com\/fr\/wp-json\/wp\/v2\/users\/2"}],"replies":[{"embeddable":true,"href":"https:\/\/aventuresgourmets.com\/fr\/wp-json\/wp\/v2\/comments?post=249"}],"version-history":[{"count":3,"href":"https:\/\/aventuresgourmets.com\/fr\/wp-json\/wp\/v2\/pages\/249\/revisions"}],"predecessor-version":[{"id":254,"href":"https:\/\/aventuresgourmets.com\/fr\/wp-json\/wp\/v2\/pages\/249\/revisions\/254"}],"wp:attachment":[{"href":"https:\/\/aventuresgourmets.com\/fr\/wp-json\/wp\/v2\/media?parent=249"}],"curies":[{"name":"wp","href":"https:\/\/api.w.org\/{rel}","templated":true}]}}